{"id":161,"date":"2018-08-29T15:21:30","date_gmt":"2018-08-29T15:21:30","guid":{"rendered":"http:\/\/dronedrengen.dk\/index.php\/materialis\/"},"modified":"2022-08-17T09:06:43","modified_gmt":"2022-08-17T09:06:43","slug":"materialis","status":"publish","type":"page","link":"https:\/\/dronedrengen.dk\/","title":{"rendered":"Front Page"},"content":{"rendered":"<p>[et_pb_section bb_built=&#8221;1&#8243; background_color=&#8221;#2e2e2e&#8221; fullwidth=&#8221;on&#8221; _builder_version=&#8221;3.0.47&#8243;][et_pb_fullwidth_slider admin_label=&#8221;Fullwidth Slider&#8221; _builder_version=&#8221;3.0.85&#8243; parallax=&#8221;on&#8221; custom_padding=&#8221;|||&#8221; auto=&#8221;on&#8221; show_arrows=&#8221;on&#8221; show_pagination=&#8221;on&#8221; show_inner_shadow=&#8221;on&#8221; header_font_size=&#8221;56&#8243; custom_button=&#8221;off&#8221; button_icon_placement=&#8221;right&#8221; show_content_on_mobile=&#8221;on&#8221; show_cta_on_mobile=&#8221;on&#8221; show_image_video_mobile=&#8221;off&#8221;]<\/p>\n<p>[et_pb_slide heading=&#8221;Drone Drengen&#8221; _builder_version=&#8221;3.0.85&#8243; background_image=&#8221;https:\/\/dronedrengen.dk\/wp-content\/uploads\/2018\/08\/Mavic-pro-billede-taget-fra-nettet.jpg&#8221; use_background_color_gradient=&#8221;off&#8221; background_color_gradient_start=&#8221;#2b87da&#8221; background_color_gradient_end=&#8221;#29c4a9&#8243; background_color_gradient_type=&#8221;linear&#8221; background_color_gradient_direction=&#8221;180deg&#8221; background_color_gradient_direction_radial=&#8221;center&#8221; background_color_gradient_start_position=&#8221;0%&#8221; background_color_gradient_end_position=&#8221;100%&#8221; parallax=&#8221;off&#8221; parallax_method=&#8221;on&#8221; background_size=&#8221;cover&#8221; background_position=&#8221;center&#8221; background_repeat=&#8221;no-repeat&#8221; background_blend=&#8221;normal&#8221; allow_player_pause=&#8221;off&#8221; use_bg_overlay=&#8221;off&#8221; use_text_overlay=&#8221;off&#8221; text_border_radius=&#8221;3&#8243; alignment=&#8221;center&#8221; background_layout=&#8221;dark&#8221; text_shadow_style=&#8221;preset3&#8243; text_shadow_color=&#8221;rgba(0,0,0,0.4)&#8221; header_level=&#8221;h1&#8243; header_font=&#8221;Abel||||||||&#8221; header_text_shadow_style=&#8221;none&#8221; header_text_shadow_color=&#8221;rgba(0,0,0,0.4)&#8221; body_font=&#8221;||||||||&#8221; body_text_shadow_style=&#8221;none&#8221; body_text_shadow_color=&#8221;rgba(0,0,0,0.4)&#8221; custom_button=&#8221;off&#8221; button_bg_use_color_gradient=&#8221;off&#8221; button_bg_color_gradient_start=&#8221;#2b87da&#8221; button_bg_color_gradient_end=&#8221;#29c4a9&#8243; button_bg_color_gradient_type=&#8221;linear&#8221; button_bg_color_gradient_direction_radial=&#8221;center&#8221; button_bg_size=&#8221;cover&#8221; button_bg_position=&#8221;center&#8221; button_bg_repeat=&#8221;no-repeat&#8221; button_bg_blend=&#8221;normal&#8221; button_font=&#8221;||||||||&#8221; button_use_icon=&#8221;on&#8221; button_icon_placement=&#8221;right&#8221; button_on_hover=&#8221;on&#8221; button_text_shadow_style=&#8221;none&#8221; button_text_shadow_color=&#8221;rgba(0,0,0,0.4)&#8221; box_shadow_style_button=&#8221;none&#8221; box_shadow_color_button=&#8221;rgba(0,0,0,0.3)&#8221; box_shadow_position_button=&#8221;outer&#8221; header_text_color=&#8221;#000000&#8243; bg_overlay_color=&#8221;#d3d3d3&#8243; text_shadow_horizontal_length=&#8221;0em&#8221; text_shadow_vertical_length=&#8221;0em&#8221; text_shadow_blur_strength=&#8221;0.3em&#8221; \/]<\/p>\n<p>[\/et_pb_fullwidth_slider][\/et_pb_section][et_pb_section bb_built=&#8221;1&#8243; background_color=&#8221;#f7f7f7&#8243; _builder_version=&#8221;3.0.47&#8243;][et_pb_row _builder_version=&#8221;3.0.47&#8243; background_size=&#8221;initial&#8221; background_position=&#8221;top_left&#8221; background_repeat=&#8221;repeat&#8221;][et_pb_column type=&#8221;1_2&#8243;][et_pb_image admin_label=&#8221;Image&#8221; src=&#8221;https:\/\/dronedrengen.dk\/wp-content\/uploads\/2018\/10\/DJI_0094-kopi.jpg&#8221; _builder_version=&#8221;3.0.85&#8243; animation_style=&#8221;slide&#8221; animation_direction=&#8221;left&#8221; animation_duration=&#8221;500ms&#8221; animation_intensity_slide=&#8221;10%&#8221; animation=&#8221;left&#8221; show_in_lightbox=&#8221;off&#8221; url_new_window=&#8221;off&#8221; use_overlay=&#8221;off&#8221; always_center_on_mobile=&#8221;on&#8221; force_fullwidth=&#8221;off&#8221; show_bottom_space=&#8221;on&#8221;]<\/p>\n<p>&nbsp;<\/p>\n<p>[\/et_pb_image][\/et_pb_column][et_pb_column type=&#8221;1_2&#8243;][et_pb_blurb admin_label=&#8221;Blurb&#8221; title=&#8221;H\u00f8j kvalitet &#8211; Hurtig levering&#8221; use_icon=&#8221;on&#8221; font_icon=&#8221;\ue00b&#8221; icon_color=&#8221;#ffffff&#8221; use_circle=&#8221;on&#8221; circle_color=&#8221;#2ea3f2&#8243; icon_placement=&#8221;left&#8221; _builder_version=&#8221;3.0.85&#8243; header_font_size=&#8221;32&#8243; body_font_size=&#8221;20&#8243; background_size=&#8221;initial&#8221; background_position=&#8221;top_left&#8221; background_repeat=&#8221;repeat&#8221; text_orientation=&#8221;center&#8221; max_width_tablet=&#8221;50px&#8221; url_new_window=&#8221;off&#8221; use_circle_border=&#8221;off&#8221; use_icon_font_size=&#8221;off&#8221; background_layout=&#8221;light&#8221;]<\/p>\n<p>Colorgrading, fotobesk\u00e6ring og professionel videoredigering<\/p>\n<p>[\/et_pb_blurb][et_pb_button _builder_version=&#8221;3.0.85&#8243; button_text=&#8221;Se Film&#8221; button_url=&#8221;https:\/\/dronedrengen.dk\/index.php\/film\/&#8221; url_new_window=&#8221;off&#8221; background_layout=&#8221;light&#8221; custom_button=&#8221;off&#8221; button_icon_placement=&#8221;right&#8221; button_alignment=&#8221;center&#8221; \/][\/et_pb_column][\/et_pb_row][\/et_pb_section][et_pb_section bb_built=&#8221;1&#8243; _builder_version=&#8221;3.0.47&#8243;][et_pb_row _builder_version=&#8221;3.0.85&#8243; background_size=&#8221;initial&#8221; background_position=&#8221;top_left&#8221; background_repeat=&#8221;repeat&#8221; use_background_color_gradient=&#8221;on&#8221; background_color_gradient_type=&#8221;radial&#8221; background_color_gradient_start_position=&#8221;12%&#8221; background_image=&#8221;https:\/\/dronedrengen.dk\/wp-content\/uploads\/2018\/08\/Mavic-pro-billede-taget-fra-nettet.jpg&#8221;][et_pb_column type=&#8221;1_2&#8243;][et_pb_blurb admin_label=&#8221;Blurb&#8221; title=&#8221;Stor erfaring med droneflyvning&#8221; use_icon=&#8221;on&#8221; font_icon=&#8221;\ue00b&#8221; icon_color=&#8221;#ffffff&#8221; use_circle=&#8221;on&#8221; circle_color=&#8221;#2ea3f2&#8243; icon_placement=&#8221;left&#8221; _builder_version=&#8221;3.0.85&#8243; header_font_size=&#8221;32&#8243; body_font_size=&#8221;20&#8243; background_size=&#8221;initial&#8221; background_position=&#8221;top_left&#8221; background_repeat=&#8221;repeat&#8221; text_orientation=&#8221;center&#8221; max_width_tablet=&#8221;50px&#8221; url_new_window=&#8221;off&#8221; use_circle_border=&#8221;off&#8221; use_icon_font_size=&#8221;off&#8221; background_layout=&#8221;light&#8221;]<\/p>\n<p>Vores dronepiloter har mere end 8 \u00e5rs erfaring i droneflyvning.<\/p>\n<p>Billeder i h\u00f8j kvalitet og leveres indenfor 48 timer<\/p>\n<p>[\/et_pb_blurb][\/et_pb_column][et_pb_column type=&#8221;1_2&#8243;][et_pb_image src=&#8221;https:\/\/dronedrengen.dk\/wp-content\/uploads\/2018\/08\/IMG_0436-1-e1535550262213.jpg&#8221; _builder_version=&#8221;3.0.85&#8243; align=&#8221;center&#8221; max_width=&#8221;44%&#8221; use_border_color=&#8221;on&#8221; border_width=&#8221;3px&#8221; border_style=&#8221;outset&#8221;]<\/p>\n<p>&nbsp;<\/p>\n<p>[\/et_pb_image][\/et_pb_column][\/et_pb_row][\/et_pb_section][et_pb_section bb_built=&#8221;1&#8243; fullwidth=&#8221;off&#8221; specialty=&#8221;off&#8221;][et_pb_row][et_pb_column type=&#8221;1_2&#8243;][et_pb_text _builder_version=&#8221;3.0.85&#8243; background_layout=&#8221;light&#8221; text_font_size=&#8221;21px&#8221;]<\/p>\n<p>B\u00c6REDYGTIGHED ER VIGTIGT<\/p>\n<p><strong>Droner er b\u00e6redygtige<\/strong><\/p>\n<p class=\"p1\">Droner er i h\u00f8j grad mere b\u00e6redygtige end kraner, lifter dertil ogs\u00e5 stilladser. Hos dronedrengen.dk st\u00e5r milj\u00f8 og naturen meget h\u00f8jt p\u00e5 prioritetslisten. Derfor leverer vi et hurtigere og mere b\u00e6redygtig produkt, ved at bruge droner fremfor maskiner der skaber global opvarmning.<\/p>\n<p>[\/et_pb_text][\/et_pb_column][et_pb_column type=&#8221;1_2&#8243;][et_pb_image _builder_version=&#8221;3.0.85&#8243; src=&#8221;https:\/\/dronedrengen.dk\/wp-content\/uploads\/2018\/08\/billede-af-\u00f8ko.png&#8221; show_in_lightbox=&#8221;off&#8221; url_new_window=&#8221;off&#8221; use_overlay=&#8221;off&#8221; always_center_on_mobile=&#8221;on&#8221; force_fullwidth=&#8221;off&#8221; show_bottom_space=&#8221;on&#8221; \/][\/et_pb_column][\/et_pb_row][\/et_pb_section]<\/p>\n","protected":false},"excerpt":{"rendered":"<p>[et_pb_section bb_built=&#8221;1&#8243; background_color=&#8221;#2e2e2e&#8221; fullwidth=&#8221;on&#8221; _builder_version=&#8221;3.0.47&#8243;][et_pb_fullwidth_slider admin_label=&#8221;Fullwidth Slider&#8221; _builder_version=&#8221;3.0.85&#8243; parallax=&#8221;on&#8221; custom_padding=&#8221;|||&#8221; auto=&#8221;on&#8221; show_arrows=&#8221;on&#8221; show_pagination=&#8221;on&#8221; show_inner_shadow=&#8221;on&#8221; header_font_size=&#8221;56&#8243; custom_button=&#8221;off&#8221; button_icon_placement=&#8221;right&#8221; show_content_on_mobile=&#8221;on&#8221; show_cta_on_mobile=&#8221;on&#8221; show_image_video_mobile=&#8221;off&#8221;] [et_pb_slide heading=&#8221;Drone Drengen&#8221; _builder_version=&#8221;3.0.85&#8243; background_image=&#8221;https:\/\/dronedrengen.dk\/wp-content\/uploads\/2018\/08\/Mavic-pro-billede-taget-fra-nettet.jpg&#8221; use_background_color_gradient=&#8221;off&#8221; background_color_gradient_start=&#8221;#2b87da&#8221; background_color_gradient_end=&#8221;#29c4a9&#8243; background_color_gradient_type=&#8221;linear&#8221; background_color_gradient_direction=&#8221;180deg&#8221; background_color_gradient_direction_radial=&#8221;center&#8221; background_color_gradient_start_position=&#8221;0%&#8221; background_color_gradient_end_position=&#8221;100%&#8221; parallax=&#8221;off&#8221; parallax_method=&#8221;on&#8221; background_size=&#8221;cover&#8221; background_position=&#8221;center&#8221; background_repeat=&#8221;no-repeat&#8221; background_blend=&#8221;normal&#8221; allow_player_pause=&#8221;off&#8221; use_bg_overlay=&#8221;off&#8221; use_text_overlay=&#8221;off&#8221; text_border_radius=&#8221;3&#8243; alignment=&#8221;center&#8221; background_layout=&#8221;dark&#8221; text_shadow_style=&#8221;preset3&#8243; text_shadow_color=&#8221;rgba(0,0,0,0.4)&#8221; header_level=&#8221;h1&#8243; header_font=&#8221;Abel||||||||&#8221; header_text_shadow_style=&#8221;none&#8221; header_text_shadow_color=&#8221;rgba(0,0,0,0.4)&#8221; body_font=&#8221;||||||||&#8221; body_text_shadow_style=&#8221;none&#8221; body_text_shadow_color=&#8221;rgba(0,0,0,0.4)&#8221; custom_button=&#8221;off&#8221; [&hellip;]<\/p>\n","protected":false},"author":2,"featured_media":0,"parent":0,"menu_order":0,"comment_status":"closed","ping_status":"closed","template":"","meta":{"footnotes":""},"class_list":["post-161","page","type-page","status-publish","hentry"],"_links":{"self":[{"href":"https:\/\/dronedrengen.dk\/index.php\/wp-json\/wp\/v2\/pages\/161","targetHints":{"allow":["GET"]}}],"collection":[{"href":"https:\/\/dronedrengen.dk\/index.php\/wp-json\/wp\/v2\/pages"}],"about":[{"href":"https:\/\/dronedrengen.dk\/index.php\/wp-json\/wp\/v2\/types\/page"}],"author":[{"embeddable":true,"href":"https:\/\/dronedrengen.dk\/index.php\/wp-json\/wp\/v2\/users\/2"}],"replies":[{"embeddable":true,"href":"https:\/\/dronedrengen.dk\/index.php\/wp-json\/wp\/v2\/comments?post=161"}],"version-history":[{"count":22,"href":"https:\/\/dronedrengen.dk\/index.php\/wp-json\/wp\/v2\/pages\/161\/revisions"}],"predecessor-version":[{"id":377,"href":"https:\/\/dronedrengen.dk\/index.php\/wp-json\/wp\/v2\/pages\/161\/revisions\/377"}],"wp:attachment":[{"href":"https:\/\/dronedrengen.dk\/index.php\/wp-json\/wp\/v2\/media?parent=161"}],"curies":[{"name":"wp","href":"https:\/\/api.w.org\/{rel}","templated":true}]}}